{"id":58,"date":"2020-08-27T16:44:11","date_gmt":"2020-08-27T19:44:11","guid":{"rendered":"http:\/\/comandobaterias.com.br\/?page_id=58"},"modified":"2026-02-03T08:47:46","modified_gmt":"2026-02-03T11:47:46","slug":"sobre-nos","status":"publish","type":"page","link":"https:\/\/comandobaterias.com.br\/para\/sobre-nos\/","title":{"rendered":"Sobre n\u00f3s"},"content":{"rendered":"<p>A Comando Baterias possui unidades em Goi\u00e2nia-GO, Aparecida de Goi\u00e2nia-GO e Bel\u00e9m-PA, atuando h\u00e1 mais de 30 anos no com\u00e9rcio de baterias automotivas e estacion\u00e1rias.<\/p>\n<p><img decoding=\"async\" class=\"alignnone size-medium wp-image-15 lazyload\" data-src=\"http:\/\/comandobaterias.com.br\/wp-content\/uploads\/2020\/08\/logo-colorido@2x-300x102.png\" alt=\"\" width=\"300\" height=\"102\" data-srcset=\"https:\/\/comandobaterias.com.br\/para\/wp-content\/uploads\/2020\/08\/logo-colorido@2x-300x102.png 300w, https:\/\/comandobaterias.com.br\/para\/wp-content\/uploads\/2020\/08\/logo-colorido@2x.png 520w\" data-sizes=\"(max-width: 300px) 100vw, 300px\" src=\"data:image\/svg+xml;base64,PHN2ZyB3aWR0aD0iMSIgaGVpZ2h0PSIxIiB4bWxucz0iaHR0cDovL3d3dy53My5vcmcvMjAwMC9zdmciPjwvc3ZnPg==\" style=\"--smush-placeholder-width: 300px; --smush-placeholder-aspect-ratio: 300\/102;\" \/><\/p>\n<p>Nossa equipe oferece vantagens exclusivas como entrega r\u00e1pida, teste de baterias e sistema el\u00e9trico veicular, instala\u00e7\u00e3o de baterias no endere\u00e7o do cliente,\u00a0 servi\u00e7o de socorro para pane el\u00e9trica e facilidade de pagamento, com parcelamento em 10x nos cart\u00f5es de cr\u00e9dito.<\/p>\n","protected":false},"excerpt":{"rendered":"<p>A Comando Baterias possui unidades em Goi\u00e2nia-GO, Aparecida de Goi\u00e2nia-GO e Bel\u00e9m-PA, atuando h\u00e1 mais de 30 anos no com\u00e9rcio de baterias automotivas e estacion\u00e1rias. Nossa equipe oferece vantagens exclusivas como entrega r\u00e1pida, teste de baterias e sistema el\u00e9trico veicular, instala\u00e7\u00e3o de baterias no endere\u00e7o do cliente,\u00a0 servi\u00e7o de socorro para pane el\u00e9trica e facilidade [&hellip;]<\/p>\n","protected":false},"author":1,"featured_media":0,"parent":0,"menu_order":0,"comment_status":"closed","ping_status":"closed","template":"","meta":{"footnotes":""},"yoast_head":"<!-- This site is optimized with the Yoast SEO plugin v22.9 - https:\/\/yoast.com\/wordpress\/plugins\/seo\/ -->\n<title>Sobre N\u00f3s | Comando Baterias | Nossa Hist\u00f3ria e Miss\u00e3o<\/title>\n<meta name=\"description\" content=\"Saiba mais Sobre N\u00f3s na Comando Baterias. Descubra nossa Miss\u00e3o, Vis\u00e3o e Compromisso com Qualidade e Excel\u00eancia em Baterias. Visite-nos!\" \/>\n<meta name=\"robots\" content=\"index, follow, max-snippet:-1, max-image-preview:large, max-video-preview:-1\" \/>\n<link rel=\"canonical\" href=\"https:\/\/comandobaterias.com.br\/para\/sobre-nos\/\" \/>\n<meta property=\"og:locale\" content=\"pt_BR\" \/>\n<meta property=\"og:type\" content=\"article\" \/>\n<meta property=\"og:title\" content=\"Sobre N\u00f3s | Comando Baterias | Nossa Hist\u00f3ria e Miss\u00e3o\" \/>\n<meta property=\"og:description\" content=\"Saiba mais Sobre N\u00f3s na Comando Baterias. Descubra nossa Miss\u00e3o, Vis\u00e3o e Compromisso com Qualidade e Excel\u00eancia em Baterias. Visite-nos!\" \/>\n<meta property=\"og:url\" content=\"https:\/\/comandobaterias.com.br\/para\/sobre-nos\/\" \/>\n<meta property=\"og:site_name\" content=\"Comando Baterias\" \/>\n<meta property=\"article:modified_time\" content=\"2026-02-03T11:47:46+00:00\" \/>\n<meta property=\"og:image\" content=\"http:\/\/comandobaterias.com.br\/wp-content\/uploads\/2020\/08\/logo-colorido@2x-300x102.png\" \/>\n<meta name=\"twitter:card\" content=\"summary_large_image\" \/>\n<meta name=\"twitter:label1\" content=\"Est. tempo de leitura\" \/>\n\t<meta name=\"twitter:data1\" content=\"1 minuto\" \/>\n<script type=\"application\/ld+json\" class=\"yoast-schema-graph\">{\"@context\":\"https:\/\/schema.org\",\"@graph\":[{\"@type\":\"WebPage\",\"@id\":\"https:\/\/comandobaterias.com.br\/para\/sobre-nos\/\",\"url\":\"https:\/\/comandobaterias.com.br\/para\/sobre-nos\/\",\"name\":\"Sobre N\u00f3s | Comando Baterias | Nossa Hist\u00f3ria e Miss\u00e3o\",\"isPartOf\":{\"@id\":\"https:\/\/comandobaterias.com.br\/para\/#website\"},\"primaryImageOfPage\":{\"@id\":\"https:\/\/comandobaterias.com.br\/para\/sobre-nos\/#primaryimage\"},\"image\":{\"@id\":\"https:\/\/comandobaterias.com.br\/para\/sobre-nos\/#primaryimage\"},\"thumbnailUrl\":\"http:\/\/comandobaterias.com.br\/wp-content\/uploads\/2020\/08\/logo-colorido@2x-300x102.png\",\"datePublished\":\"2020-08-27T19:44:11+00:00\",\"dateModified\":\"2026-02-03T11:47:46+00:00\",\"description\":\"Saiba mais Sobre N\u00f3s na Comando Baterias. Descubra nossa Miss\u00e3o, Vis\u00e3o e Compromisso com Qualidade e Excel\u00eancia em Baterias. Visite-nos!\",\"inLanguage\":\"pt-BR\",\"potentialAction\":[{\"@type\":\"ReadAction\",\"target\":[\"https:\/\/comandobaterias.com.br\/para\/sobre-nos\/\"]}]},{\"@type\":\"ImageObject\",\"inLanguage\":\"pt-BR\",\"@id\":\"https:\/\/comandobaterias.com.br\/para\/sobre-nos\/#primaryimage\",\"url\":\"http:\/\/comandobaterias.com.br\/wp-content\/uploads\/2020\/08\/logo-colorido@2x-300x102.png\",\"contentUrl\":\"http:\/\/comandobaterias.com.br\/wp-content\/uploads\/2020\/08\/logo-colorido@2x-300x102.png\"},{\"@type\":\"WebSite\",\"@id\":\"https:\/\/comandobaterias.com.br\/para\/#website\",\"url\":\"https:\/\/comandobaterias.com.br\/para\/\",\"name\":\"Comando Baterias\",\"description\":\"As melhores baterias at\u00e9 voc\u00ea em 20 minutos*\",\"potentialAction\":[{\"@type\":\"SearchAction\",\"target\":{\"@type\":\"EntryPoint\",\"urlTemplate\":\"https:\/\/comandobaterias.com.br\/para\/?s={search_term_string}\"},\"query-input\":\"required name=search_term_string\"}],\"inLanguage\":\"pt-BR\"}]}<\/script>\n<!-- \/ Yoast SEO plugin. -->","yoast_head_json":{"title":"Sobre N\u00f3s | Comando Baterias | Nossa Hist\u00f3ria e Miss\u00e3o","description":"Saiba mais Sobre N\u00f3s na Comando Baterias. Descubra nossa Miss\u00e3o, Vis\u00e3o e Compromisso com Qualidade e Excel\u00eancia em Baterias. Visite-nos!","robots":{"index":"index","follow":"follow","max-snippet":"max-snippet:-1","max-image-preview":"max-image-preview:large","max-video-preview":"max-video-preview:-1"},"canonical":"https:\/\/comandobaterias.com.br\/para\/sobre-nos\/","og_locale":"pt_BR","og_type":"article","og_title":"Sobre N\u00f3s | Comando Baterias | Nossa Hist\u00f3ria e Miss\u00e3o","og_description":"Saiba mais Sobre N\u00f3s na Comando Baterias. Descubra nossa Miss\u00e3o, Vis\u00e3o e Compromisso com Qualidade e Excel\u00eancia em Baterias. Visite-nos!","og_url":"https:\/\/comandobaterias.com.br\/para\/sobre-nos\/","og_site_name":"Comando Baterias","article_modified_time":"2026-02-03T11:47:46+00:00","og_image":[{"url":"http:\/\/comandobaterias.com.br\/wp-content\/uploads\/2020\/08\/logo-colorido@2x-300x102.png"}],"twitter_card":"summary_large_image","twitter_misc":{"Est. tempo de leitura":"1 minuto"},"schema":{"@context":"https:\/\/schema.org","@graph":[{"@type":"WebPage","@id":"https:\/\/comandobaterias.com.br\/para\/sobre-nos\/","url":"https:\/\/comandobaterias.com.br\/para\/sobre-nos\/","name":"Sobre N\u00f3s | Comando Baterias | Nossa Hist\u00f3ria e Miss\u00e3o","isPartOf":{"@id":"https:\/\/comandobaterias.com.br\/para\/#website"},"primaryImageOfPage":{"@id":"https:\/\/comandobaterias.com.br\/para\/sobre-nos\/#primaryimage"},"image":{"@id":"https:\/\/comandobaterias.com.br\/para\/sobre-nos\/#primaryimage"},"thumbnailUrl":"http:\/\/comandobaterias.com.br\/wp-content\/uploads\/2020\/08\/logo-colorido@2x-300x102.png","datePublished":"2020-08-27T19:44:11+00:00","dateModified":"2026-02-03T11:47:46+00:00","description":"Saiba mais Sobre N\u00f3s na Comando Baterias. Descubra nossa Miss\u00e3o, Vis\u00e3o e Compromisso com Qualidade e Excel\u00eancia em Baterias. Visite-nos!","inLanguage":"pt-BR","potentialAction":[{"@type":"ReadAction","target":["https:\/\/comandobaterias.com.br\/para\/sobre-nos\/"]}]},{"@type":"ImageObject","inLanguage":"pt-BR","@id":"https:\/\/comandobaterias.com.br\/para\/sobre-nos\/#primaryimage","url":"http:\/\/comandobaterias.com.br\/wp-content\/uploads\/2020\/08\/logo-colorido@2x-300x102.png","contentUrl":"http:\/\/comandobaterias.com.br\/wp-content\/uploads\/2020\/08\/logo-colorido@2x-300x102.png"},{"@type":"WebSite","@id":"https:\/\/comandobaterias.com.br\/para\/#website","url":"https:\/\/comandobaterias.com.br\/para\/","name":"Comando Baterias","description":"As melhores baterias at\u00e9 voc\u00ea em 20 minutos*","potentialAction":[{"@type":"SearchAction","target":{"@type":"EntryPoint","urlTemplate":"https:\/\/comandobaterias.com.br\/para\/?s={search_term_string}"},"query-input":"required name=search_term_string"}],"inLanguage":"pt-BR"}]}},"_links":{"self":[{"href":"https:\/\/comandobaterias.com.br\/para\/wp-json\/wp\/v2\/pages\/58"}],"collection":[{"href":"https:\/\/comandobaterias.com.br\/para\/wp-json\/wp\/v2\/pages"}],"about":[{"href":"https:\/\/comandobaterias.com.br\/para\/wp-json\/wp\/v2\/types\/page"}],"author":[{"embeddable":true,"href":"https:\/\/comandobaterias.com.br\/para\/wp-json\/wp\/v2\/users\/1"}],"replies":[{"embeddable":true,"href":"https:\/\/comandobaterias.com.br\/para\/wp-json\/wp\/v2\/comments?post=58"}],"version-history":[{"count":5,"href":"https:\/\/comandobaterias.com.br\/para\/wp-json\/wp\/v2\/pages\/58\/revisions"}],"predecessor-version":[{"id":194,"href":"https:\/\/comandobaterias.com.br\/para\/wp-json\/wp\/v2\/pages\/58\/revisions\/194"}],"wp:attachment":[{"href":"https:\/\/comandobaterias.com.br\/para\/wp-json\/wp\/v2\/media?parent=58"}],"curies":[{"name":"wp","href":"https:\/\/api.w.org\/{rel}","templated":true}]}}