{"id":55,"date":"2020-08-27T14:24:53","date_gmt":"2020-08-27T17:24:53","guid":{"rendered":"http:\/\/comandobaterias.com.br\/?page_id=55"},"modified":"2024-08-07T19:46:50","modified_gmt":"2024-08-07T22:46:50","slug":"nossas-lojas","status":"publish","type":"page","link":"https:\/\/comandobaterias.com.br\/para\/nossas-lojas\/","title":{"rendered":"Nossas Lojas"},"content":{"rendered":"","protected":false},"excerpt":{"rendered":"","protected":false},"author":1,"featured_media":0,"parent":0,"menu_order":0,"comment_status":"closed","ping_status":"closed","template":"nossas-lojas.php","meta":{"footnotes":""},"yoast_head":"<!-- This site is optimized with the Yoast SEO plugin v22.9 - https:\/\/yoast.com\/wordpress\/plugins\/seo\/ -->\n<title>Nossas Lojas - Encontre uma Comando Baterias Perto de Voc\u00ea<\/title>\n<meta name=\"description\" content=\"Descubra as Nossas Lojas da Comando Baterias perto de voc\u00ea. Venha conhecer nossos produtos e servi\u00e7os especializados em Baterias para Carros e Motos!\" \/>\n<meta name=\"robots\" content=\"index, follow, max-snippet:-1, max-image-preview:large, max-video-preview:-1\" \/>\n<link rel=\"canonical\" href=\"https:\/\/comandobaterias.com.br\/para\/nossas-lojas\/\" \/>\n<meta property=\"og:locale\" content=\"pt_BR\" \/>\n<meta property=\"og:type\" content=\"article\" \/>\n<meta property=\"og:title\" content=\"Nossas Lojas - Encontre uma Comando Baterias Perto de Voc\u00ea\" \/>\n<meta property=\"og:description\" content=\"Descubra as Nossas Lojas da Comando Baterias perto de voc\u00ea. Venha conhecer nossos produtos e servi\u00e7os especializados em Baterias para Carros e Motos!\" \/>\n<meta property=\"og:url\" content=\"https:\/\/comandobaterias.com.br\/para\/nossas-lojas\/\" \/>\n<meta property=\"og:site_name\" content=\"Comando Baterias\" \/>\n<meta property=\"article:modified_time\" content=\"2024-08-07T22:46:50+00:00\" \/>\n<meta name=\"twitter:card\" content=\"summary_large_image\" \/>\n<script type=\"application\/ld+json\" class=\"yoast-schema-graph\">{\"@context\":\"https:\/\/schema.org\",\"@graph\":[{\"@type\":\"WebPage\",\"@id\":\"https:\/\/comandobaterias.com.br\/para\/nossas-lojas\/\",\"url\":\"https:\/\/comandobaterias.com.br\/para\/nossas-lojas\/\",\"name\":\"Nossas Lojas - Encontre uma Comando Baterias Perto de Voc\u00ea\",\"isPartOf\":{\"@id\":\"https:\/\/comandobaterias.com.br\/para\/#website\"},\"datePublished\":\"2020-08-27T17:24:53+00:00\",\"dateModified\":\"2024-08-07T22:46:50+00:00\",\"description\":\"Descubra as Nossas Lojas da Comando Baterias perto de voc\u00ea. Venha conhecer nossos produtos e servi\u00e7os especializados em Baterias para Carros e Motos!\",\"inLanguage\":\"pt-BR\",\"potentialAction\":[{\"@type\":\"ReadAction\",\"target\":[\"https:\/\/comandobaterias.com.br\/para\/nossas-lojas\/\"]}]},{\"@type\":\"WebSite\",\"@id\":\"https:\/\/comandobaterias.com.br\/para\/#website\",\"url\":\"https:\/\/comandobaterias.com.br\/para\/\",\"name\":\"Comando Baterias\",\"description\":\"As melhores baterias at\u00e9 voc\u00ea em 20 minutos*\",\"potentialAction\":[{\"@type\":\"SearchAction\",\"target\":{\"@type\":\"EntryPoint\",\"urlTemplate\":\"https:\/\/comandobaterias.com.br\/para\/?s={search_term_string}\"},\"query-input\":\"required name=search_term_string\"}],\"inLanguage\":\"pt-BR\"}]}<\/script>\n<!-- \/ Yoast SEO plugin. -->","yoast_head_json":{"title":"Nossas Lojas - Encontre uma Comando Baterias Perto de Voc\u00ea","description":"Descubra as Nossas Lojas da Comando Baterias perto de voc\u00ea. Venha conhecer nossos produtos e servi\u00e7os especializados em Baterias para Carros e Motos!","robots":{"index":"index","follow":"follow","max-snippet":"max-snippet:-1","max-image-preview":"max-image-preview:large","max-video-preview":"max-video-preview:-1"},"canonical":"https:\/\/comandobaterias.com.br\/para\/nossas-lojas\/","og_locale":"pt_BR","og_type":"article","og_title":"Nossas Lojas - Encontre uma Comando Baterias Perto de Voc\u00ea","og_description":"Descubra as Nossas Lojas da Comando Baterias perto de voc\u00ea. Venha conhecer nossos produtos e servi\u00e7os especializados em Baterias para Carros e Motos!","og_url":"https:\/\/comandobaterias.com.br\/para\/nossas-lojas\/","og_site_name":"Comando Baterias","article_modified_time":"2024-08-07T22:46:50+00:00","twitter_card":"summary_large_image","schema":{"@context":"https:\/\/schema.org","@graph":[{"@type":"WebPage","@id":"https:\/\/comandobaterias.com.br\/para\/nossas-lojas\/","url":"https:\/\/comandobaterias.com.br\/para\/nossas-lojas\/","name":"Nossas Lojas - Encontre uma Comando Baterias Perto de Voc\u00ea","isPartOf":{"@id":"https:\/\/comandobaterias.com.br\/para\/#website"},"datePublished":"2020-08-27T17:24:53+00:00","dateModified":"2024-08-07T22:46:50+00:00","description":"Descubra as Nossas Lojas da Comando Baterias perto de voc\u00ea. Venha conhecer nossos produtos e servi\u00e7os especializados em Baterias para Carros e Motos!","inLanguage":"pt-BR","potentialAction":[{"@type":"ReadAction","target":["https:\/\/comandobaterias.com.br\/para\/nossas-lojas\/"]}]},{"@type":"WebSite","@id":"https:\/\/comandobaterias.com.br\/para\/#website","url":"https:\/\/comandobaterias.com.br\/para\/","name":"Comando Baterias","description":"As melhores baterias at\u00e9 voc\u00ea em 20 minutos*","potentialAction":[{"@type":"SearchAction","target":{"@type":"EntryPoint","urlTemplate":"https:\/\/comandobaterias.com.br\/para\/?s={search_term_string}"},"query-input":"required name=search_term_string"}],"inLanguage":"pt-BR"}]}},"_links":{"self":[{"href":"https:\/\/comandobaterias.com.br\/para\/wp-json\/wp\/v2\/pages\/55"}],"collection":[{"href":"https:\/\/comandobaterias.com.br\/para\/wp-json\/wp\/v2\/pages"}],"about":[{"href":"https:\/\/comandobaterias.com.br\/para\/wp-json\/wp\/v2\/types\/page"}],"author":[{"embeddable":true,"href":"https:\/\/comandobaterias.com.br\/para\/wp-json\/wp\/v2\/users\/1"}],"replies":[{"embeddable":true,"href":"https:\/\/comandobaterias.com.br\/para\/wp-json\/wp\/v2\/comments?post=55"}],"version-history":[{"count":1,"href":"https:\/\/comandobaterias.com.br\/para\/wp-json\/wp\/v2\/pages\/55\/revisions"}],"predecessor-version":[{"id":56,"href":"https:\/\/comandobaterias.com.br\/para\/wp-json\/wp\/v2\/pages\/55\/revisions\/56"}],"wp:attachment":[{"href":"https:\/\/comandobaterias.com.br\/para\/wp-json\/wp\/v2\/media?parent=55"}],"curies":[{"name":"wp","href":"https:\/\/api.w.org\/{rel}","templated":true}]}}