{"id":22,"date":"2020-08-24T15:25:23","date_gmt":"2020-08-24T18:25:23","guid":{"rendered":"http:\/\/comandobaterias.com.br\/?page_id=22"},"modified":"2026-02-03T09:03:11","modified_gmt":"2026-02-03T12:03:11","slug":"pagina-inicial","status":"publish","type":"page","link":"https:\/\/comandobaterias.com.br\/para\/","title":{"rendered":"P\u00e1gina Inicial"},"content":{"rendered":"","protected":false},"excerpt":{"rendered":"","protected":false},"author":1,"featured_media":0,"parent":0,"menu_order":0,"comment_status":"closed","ping_status":"closed","template":"index.php","meta":{"footnotes":""},"yoast_head":"<!-- This site is optimized with the Yoast SEO plugin v22.9 - https:\/\/yoast.com\/wordpress\/plugins\/seo\/ -->\n<title>Comando Baterias: Entrega e Instala\u00e7\u00e3o em At\u00e9 20 Minutos* | Baterias de Alta Qualidade<\/title>\n<meta name=\"description\" content=\"Compre Baterias de Alta Qualidade Para Carros e Motos na Comando Baterias. Entrega R\u00e1pida e Instala\u00e7\u00e3o Gratuita. Encontre a Sua Agora!\" \/>\n<meta name=\"robots\" content=\"index, follow, max-snippet:-1, max-image-preview:large, max-video-preview:-1\" \/>\n<link rel=\"canonical\" href=\"https:\/\/comandobaterias.com.br\/para\/\" \/>\n<meta property=\"og:locale\" content=\"pt_BR\" \/>\n<meta property=\"og:type\" content=\"article\" \/>\n<meta property=\"og:title\" content=\"Comando Baterias: Entrega e Instala\u00e7\u00e3o em At\u00e9 20 Minutos* | Baterias de Alta Qualidade\" \/>\n<meta property=\"og:description\" content=\"Compre Baterias de Alta Qualidade Para Carros e Motos na Comando Baterias. Entrega R\u00e1pida e Instala\u00e7\u00e3o Gratuita. Encontre a Sua Agora!\" \/>\n<meta property=\"og:url\" content=\"https:\/\/comandobaterias.com.br\/para\/\" \/>\n<meta property=\"og:site_name\" content=\"Comando Baterias\" \/>\n<meta property=\"article:modified_time\" content=\"2026-02-03T12:03:11+00:00\" \/>\n<meta name=\"twitter:card\" content=\"summary_large_image\" \/>\n<script type=\"application\/ld+json\" class=\"yoast-schema-graph\">{\"@context\":\"https:\/\/schema.org\",\"@graph\":[{\"@type\":\"WebPage\",\"@id\":\"https:\/\/comandobaterias.com.br\/para\/\",\"url\":\"https:\/\/comandobaterias.com.br\/para\/\",\"name\":\"Comando Baterias: Entrega e Instala\u00e7\u00e3o em At\u00e9 20 Minutos* | Baterias de Alta Qualidade\",\"isPartOf\":{\"@id\":\"https:\/\/comandobaterias.com.br\/para\/#website\"},\"datePublished\":\"2020-08-24T18:25:23+00:00\",\"dateModified\":\"2026-02-03T12:03:11+00:00\",\"description\":\"Compre Baterias de Alta Qualidade Para Carros e Motos na Comando Baterias. Entrega R\u00e1pida e Instala\u00e7\u00e3o Gratuita. Encontre a Sua Agora!\",\"inLanguage\":\"pt-BR\",\"potentialAction\":[{\"@type\":\"ReadAction\",\"target\":[\"https:\/\/comandobaterias.com.br\/para\/\"]}]},{\"@type\":\"WebSite\",\"@id\":\"https:\/\/comandobaterias.com.br\/para\/#website\",\"url\":\"https:\/\/comandobaterias.com.br\/para\/\",\"name\":\"Comando Baterias\",\"description\":\"As melhores baterias at\u00e9 voc\u00ea em 20 minutos*\",\"potentialAction\":[{\"@type\":\"SearchAction\",\"target\":{\"@type\":\"EntryPoint\",\"urlTemplate\":\"https:\/\/comandobaterias.com.br\/para\/?s={search_term_string}\"},\"query-input\":\"required name=search_term_string\"}],\"inLanguage\":\"pt-BR\"}]}<\/script>\n<!-- \/ Yoast SEO plugin. -->","yoast_head_json":{"title":"Comando Baterias: Entrega e Instala\u00e7\u00e3o em At\u00e9 20 Minutos* | Baterias de Alta Qualidade","description":"Compre Baterias de Alta Qualidade Para Carros e Motos na Comando Baterias. Entrega R\u00e1pida e Instala\u00e7\u00e3o Gratuita. Encontre a Sua Agora!","robots":{"index":"index","follow":"follow","max-snippet":"max-snippet:-1","max-image-preview":"max-image-preview:large","max-video-preview":"max-video-preview:-1"},"canonical":"https:\/\/comandobaterias.com.br\/para\/","og_locale":"pt_BR","og_type":"article","og_title":"Comando Baterias: Entrega e Instala\u00e7\u00e3o em At\u00e9 20 Minutos* | Baterias de Alta Qualidade","og_description":"Compre Baterias de Alta Qualidade Para Carros e Motos na Comando Baterias. Entrega R\u00e1pida e Instala\u00e7\u00e3o Gratuita. Encontre a Sua Agora!","og_url":"https:\/\/comandobaterias.com.br\/para\/","og_site_name":"Comando Baterias","article_modified_time":"2026-02-03T12:03:11+00:00","twitter_card":"summary_large_image","schema":{"@context":"https:\/\/schema.org","@graph":[{"@type":"WebPage","@id":"https:\/\/comandobaterias.com.br\/para\/","url":"https:\/\/comandobaterias.com.br\/para\/","name":"Comando Baterias: Entrega e Instala\u00e7\u00e3o em At\u00e9 20 Minutos* | Baterias de Alta Qualidade","isPartOf":{"@id":"https:\/\/comandobaterias.com.br\/para\/#website"},"datePublished":"2020-08-24T18:25:23+00:00","dateModified":"2026-02-03T12:03:11+00:00","description":"Compre Baterias de Alta Qualidade Para Carros e Motos na Comando Baterias. Entrega R\u00e1pida e Instala\u00e7\u00e3o Gratuita. Encontre a Sua Agora!","inLanguage":"pt-BR","potentialAction":[{"@type":"ReadAction","target":["https:\/\/comandobaterias.com.br\/para\/"]}]},{"@type":"WebSite","@id":"https:\/\/comandobaterias.com.br\/para\/#website","url":"https:\/\/comandobaterias.com.br\/para\/","name":"Comando Baterias","description":"As melhores baterias at\u00e9 voc\u00ea em 20 minutos*","potentialAction":[{"@type":"SearchAction","target":{"@type":"EntryPoint","urlTemplate":"https:\/\/comandobaterias.com.br\/para\/?s={search_term_string}"},"query-input":"required name=search_term_string"}],"inLanguage":"pt-BR"}]}},"_links":{"self":[{"href":"https:\/\/comandobaterias.com.br\/para\/wp-json\/wp\/v2\/pages\/22"}],"collection":[{"href":"https:\/\/comandobaterias.com.br\/para\/wp-json\/wp\/v2\/pages"}],"about":[{"href":"https:\/\/comandobaterias.com.br\/para\/wp-json\/wp\/v2\/types\/page"}],"author":[{"embeddable":true,"href":"https:\/\/comandobaterias.com.br\/para\/wp-json\/wp\/v2\/users\/1"}],"replies":[{"embeddable":true,"href":"https:\/\/comandobaterias.com.br\/para\/wp-json\/wp\/v2\/comments?post=22"}],"version-history":[{"count":2,"href":"https:\/\/comandobaterias.com.br\/para\/wp-json\/wp\/v2\/pages\/22\/revisions"}],"predecessor-version":[{"id":195,"href":"https:\/\/comandobaterias.com.br\/para\/wp-json\/wp\/v2\/pages\/22\/revisions\/195"}],"wp:attachment":[{"href":"https:\/\/comandobaterias.com.br\/para\/wp-json\/wp\/v2\/media?parent=22"}],"curies":[{"name":"wp","href":"https:\/\/api.w.org\/{rel}","templated":true}]}}